{"id":25284,"date":"2014-12-17T14:25:30","date_gmt":"2014-12-17T14:25:30","guid":{"rendered":"http:\/\/relaunch.starlightevents.ch\/ueber-uns\/"},"modified":"2022-08-10T12:38:50","modified_gmt":"2022-08-10T10:38:50","slug":"about-us","status":"publish","type":"page","link":"https:\/\/www.starlightevents.ch\/en\/about-us\/","title":{"rendered":"About us"},"content":{"rendered":"<div class=\"wpb-content-wrapper\"><p>[vc_row row_type=&#8221;parallax&#8221; parallax_content_width=&#8221;in_grid&#8221; text_align=&#8221;left&#8221; full_screen_section_height=&#8221;no&#8221; background_image=&#8221;25000&#8243; el_id=&#8221;art-of-son-et-lumiere&#8221;][vc_column][vc_empty_space height=&#8221;128px&#8221;][vc_column_text]<\/p>\n<h1>Art of Son et Lumi\u00e8re<\/h1>\n<p>[\/vc_column_text][vc_separator type=&#8221;small&#8221; position=&#8221;left&#8221; up=&#8221;16&#8243; down=&#8221;16&#8243;][vc_column_text]<\/p>\n<h2>Son et Lumi\u00e8re: extraordinary events<\/h2>\n<p>[\/vc_column_text][vc_empty_space][\/vc_column][vc_column width=&#8221;1\/2&#8243;][vc_column_text]Image, sound, light: a touching synthesis of the arts arises. We plan spectacular performances for the events of our clients.<\/p>\n<p>The organisers of \u2018Rendez-vous Bundesplatz\u2019 combine creativity with the latest technical methods in reference to a given project, with renowned light artists and scenographs. This enables animations of light and sound in up to now unattained quality and effects.<\/p>\n<p>Son et Lumi\u00e8re of Starlight Events is more than a light and sound spectacle. The light shows dazzle with an impressive intensity, suitable for light as well as serious topics, for whimsical and historic themes.[\/vc_column_text][vc_separator type=&#8221;transparent&#8221; up=&#8221;29&#8243; down=&#8221;0&#8243;][\/vc_column][vc_column width=&#8221;1\/2&#8243;][vc_column_text]Would you like an extraordinary show to accompany your event, an unforgettable enactment of light and sound? We light up your cultural projects, festive occasions, graduations, product launches, conferences, trade fairs, and customer loyalty events. Needless to say, the Christmas season and other festive highlights on the calendar are illuminated with special brightness.<\/p>\n<p>Let yourself be inspired by <a href=\"http:\/\/relaunch.starlightevents.ch\/en\/projects\/\">examples of our work<\/a>.[\/vc_column_text][\/vc_column][vc_column][vc_empty_space height=&#8221;128px&#8221;][\/vc_column][\/vc_row][vc_row css_animation=&#8221;&#8221; row_type=&#8221;row&#8221; use_row_as_full_screen_section=&#8221;no&#8221; type=&#8221;grid&#8221; angled_section=&#8221;no&#8221; text_align=&#8221;left&#8221; background_image_as_pattern=&#8221;without_pattern&#8221; background_color=&#8221;#00082d&#8221; z_index=&#8221;&#8221; el_id=&#8221;team&#8221;][vc_column][vc_empty_space height=&#8221;128px&#8221;][vc_column_text]<\/p>\n<h1>Team<\/h1>\n<p>[\/vc_column_text][vc_separator type=&#8221;small&#8221; position=&#8221;left&#8221; up=&#8221;16&#8243; down=&#8221;16&#8243;][vc_column_text]<\/p>\n<nav class=\"g1-nav-breadcrumbs g1-meta\">\n<h2 class=\"assistive-text\">People, personalities, skills. In coherent cooperation. And the world shines brightly.<\/h2>\n<\/nav>\n<p>[\/vc_column_text][vc_empty_space height=&#8221;64px&#8221;][vc_column_text]<\/p>\n<nav class=\"g1-nav-breadcrumbs g1-meta\">\n<h3 class=\"assistive-text\">Brigitte Roux<\/h3>\n<\/nav>\n<p>[\/vc_column_text][\/vc_column][vc_column width=&#8221;1\/2&#8243;][vc_column_text]Owner of the company and CEO<br \/>\nInitiator of \u201cRendez-vous Bundesplatz\u201d<\/p>\n<ul>\n<li>General coordination from A to Z<\/li>\n<li>Concepts<\/li>\n<li>Overall direction<\/li>\n<\/ul>\n<p>[\/vc_column_text][vc_separator type=&#8221;transparent&#8221; up=&#8221;0&#8243; down=&#8221;16&#8243;][\/vc_column][vc_column width=&#8221;1\/2&#8243;][vc_column_text]<em>\u201cGetting together is a start, staying together indicates progress, working together brings success.\u201d<\/em>[\/vc_column_text][\/vc_column][\/vc_row][vc_row css_animation=&#8221;&#8221; row_type=&#8221;row&#8221; use_row_as_full_screen_section=&#8221;no&#8221; type=&#8221;grid&#8221; angled_section=&#8221;no&#8221; text_align=&#8221;left&#8221; background_image_as_pattern=&#8221;without_pattern&#8221; background_color=&#8221;#00082d&#8221; z_index=&#8221;&#8221;][vc_column][vc_empty_space][vc_column_text]<\/p>\n<nav class=\"g1-nav-breadcrumbs g1-meta\">\n<h3>Nicolas\u00a0Kyramarios<\/h3>\n<\/nav>\n<p>[\/vc_column_text][\/vc_column][vc_column width=&#8221;1\/2&#8243;][vc_column_text]Visual creator, Epicurean<\/p>\n<ul>\n<li>Graphic, Design<\/li>\n<li>Web presence<\/li>\n<li>Social Media<\/li>\n<\/ul>\n<p>[\/vc_column_text][vc_separator type=&#8221;transparent&#8221; up=&#8221;0&#8243; down=&#8221;16&#8243;][\/vc_column][vc_column width=&#8221;1\/2&#8243;][vc_column_text]\u201cStylish, pragmatic solutions instead of an exaggerated illusory world.\u201d[\/vc_column_text][\/vc_column][\/vc_row][vc_row css_animation=&#8221;&#8221; row_type=&#8221;row&#8221; use_row_as_full_screen_section=&#8221;no&#8221; type=&#8221;grid&#8221; angled_section=&#8221;no&#8221; text_align=&#8221;left&#8221; background_image_as_pattern=&#8221;without_pattern&#8221; background_color=&#8221;#00082d&#8221; z_index=&#8221;&#8221;][vc_column][vc_empty_space][vc_column_text]<\/p>\n<nav class=\"g1-nav-breadcrumbs g1-meta\">\n<h3>Martin Hauzenberger<\/h3>\n<\/nav>\n<p>[\/vc_column_text][\/vc_column][vc_column width=&#8221;1\/2&#8243;][vc_column_text]Journalist, historian, songwriter<\/p>\n<ul>\n<li>Copy<\/li>\n<li>Music<\/li>\n<li>Background<\/li>\n<\/ul>\n<p>[\/vc_column_text][vc_separator type=&#8221;transparent&#8221; up=&#8221;0&#8243; down=&#8221;16&#8243;][\/vc_column][vc_column width=&#8221;1\/2&#8243;][vc_column_text]<em>&#8220;Compared to history, every soap opera is a faded facsimile.&#8221;<\/em>[\/vc_column_text][\/vc_column][\/vc_row][vc_row css_animation=&#8221;&#8221; row_type=&#8221;row&#8221; use_row_as_full_screen_section=&#8221;no&#8221; type=&#8221;grid&#8221; angled_section=&#8221;no&#8221; text_align=&#8221;left&#8221; background_image_as_pattern=&#8221;without_pattern&#8221; background_color=&#8221;#00082d&#8221; z_index=&#8221;&#8221;][vc_column][vc_empty_space][vc_column_text]<\/p>\n<nav class=\"g1-nav-breadcrumbs g1-meta\">\n<h3>Press office Gaby Labhart<\/h3>\n<\/nav>\n<p>[\/vc_column_text][\/vc_column][vc_column width=&#8221;1\/2&#8243;][vc_column_text]Journalist<\/p>\n<ul>\n<li>Copy<\/li>\n<li>Action<\/li>\n<li>Information<\/li>\n<\/ul>\n<p>[\/vc_column_text][vc_separator type=&#8221;transparent&#8221; up=&#8221;0&#8243; down=&#8221;16&#8243;][\/vc_column][vc_column width=&#8221;1\/2&#8243;][vc_column_text]<em>&#8220;The gradual completion of thoughts through writing. Thank you for your inspiration, Heinrich von Kleist.&#8221;<\/em>[\/vc_column_text][\/vc_column][vc_column][vc_empty_space height=&#8221;128px&#8221;][\/vc_column][\/vc_row][vc_row row_type=&#8221;parallax&#8221; parallax_content_width=&#8221;in_grid&#8221; text_align=&#8221;left&#8221; full_screen_section_height=&#8221;no&#8221; background_image=&#8221;25011&#8243; el_id=&#8221;clients-and-partners&#8221;][vc_column][vc_empty_space height=&#8221;128px&#8221;][vc_column_text]<\/p>\n<header class=\"entry-header g1-layout-inner\">\n<div class=\"g1-hgroup\">\n<h1 class=\"entry-title\">\u00a0Clients and Partners<\/h1>\n<\/div>\n<\/header>\n<p>[\/vc_column_text][vc_separator type=&#8221;small&#8221; position=&#8221;left&#8221; up=&#8221;16&#8243; down=&#8221;16&#8243;][vc_column_text]<\/p>\n<h2>Some of our clients<\/h2>\n<p>Fascinating, touching, surprising. Besides our own projects such as Rendez-vous Bundesplatz, we animate and stage light and sound shows for our clients.[\/vc_column_text][vc_separator type=&#8221;transparent&#8221; up=&#8221;54&#8243; down=&#8221;0&#8243;][\/vc_column][vc_column width=&#8221;1\/2&#8243;][vc_column_text]<\/p>\n<h4>BEKB<\/h4>\n<h4>Bellevue Palace Bern<\/h4>\n<h4>Bern Hotels<\/h4>\n<h4>Bern Parking<\/h4>\n<h4>Bern Tourismus<\/h4>\n<h4>BERNcity<\/h4>\n<h4>Burgergemeinde Bern<\/h4>\n<h4>Cailler\/Nestl\u00e9<\/h4>\n<h4>Canton of Vaud<\/h4>\n<h4>Cerebral foundation<\/h4>\n<h4>City of Berne<\/h4>\n<h4>City of Fribourg<\/h4>\n<h4>City of Liestal<\/h4>\n<h4>Entrec\u00f4te Caf\u00e9 F\u00e9d\u00e9ral<\/h4>\n<h4>Federation of Migros Cooperatives<\/h4>\n<h4>Fondation H. Dudley Wright (Universit\u00e9 de Gen\u00e8ve)<\/h4>\n<h4>GastroStadtBern und Umgebung<\/h4>\n<h4>Gesellschaft zu Mittell\u00f6wen<\/h4>\n<h4>Gourmanderie Mol\u00e9son<\/h4>\n<h4>Hotel B\u00e4ren<\/h4>\n<h4>Hotel Bern<\/h4>\n<h4>Japanesengesellschaft Schwyz<\/h4>\n<h4>Kornhauskeller &amp; Galeriebar<\/h4>\n<p>[\/vc_column_text][vc_empty_space][\/vc_column][vc_column width=&#8221;1\/2&#8243;][vc_column_text]<\/p>\n<h4>Locanda Tre Fratelli<\/h4>\n<h4>Lorenzini<\/h4>\n<h4>Lottery fund Canton Berne<\/h4>\n<h4>Mifroma\/Raccard<\/h4>\n<h4>Migros culture percentage<\/h4>\n<h4>pi\u00f9 kornhaus<\/h4>\n<h4>Planet Solar<\/h4>\n<h4>Pr\u00e4senz Schweiz\/EDA<\/h4>\n<h4>Restaurant Oberer M\u00f6nchhof<\/h4>\n<h4>Santa Lucia Bern<\/h4>\n<h4>Schroders<\/h4>\n<h4>Securitas<\/h4>\n<h4>Spaghetti Factory Chindlifr\u00e4sser<\/h4>\n<h4>SRG SSR Media Services<\/h4>\n<h4>Swiss Red Cross<\/h4>\n<h4>The Bristol, Berne<\/h4>\n<h4>The Federal Assembly \u2014 The Swiss Parliament<\/h4>\n<h4>University of Bern<\/h4>\n<h4>Verein 750 Jahre Thuner Stadtrechte<\/h4>\n<h4>Vinetum Foundation<\/h4>\n<h4>Wirz Communications AG, Zurich<\/h4>\n<h4>Zermatt Tourism<\/h4>\n<p>[\/vc_column_text][\/vc_column][vc_column][vc_empty_space height=&#8221;64px&#8221;][vc_column_text]<\/p>\n<h2>Our partners<\/h2>\n<p>Creation and technique. When ideas are taking shape in light and sound our partners are as much involved as we are.[\/vc_column_text][vc_separator type=&#8221;transparent&#8221; up=&#8221;54&#8243; down=&#8221;0&#8243;][vc_column_text]<\/p>\n<h4>auviso audio visual solutions ag<\/h4>\n<h4>b\u00e4rnerb\u00e4r<\/h4>\n<h4>Casa Magica, Friedrich F\u00f6rster &amp; Sabine Wei\u00dfinger, T\u00fcbingen<\/h4>\n<h4>consign \u2013 identity communication design AG<\/h4>\n<h4>dokFILM.ch\/Tom Kaffka<\/h4>\n<h4>Energy Radio<\/h4>\n<h4>Gaby Labhart &amp; Martin Hauzenberger, Zollikon<\/h4>\n<h4>Galli Music, Z\u00fcrich<\/h4>\n<h4>Goodmedia, Seoul<\/h4>\n<h4>Hans Peter Laubscher Coaching, Hurden<\/h4>\n<h4>Kyramarios GmbH, Digital Marketing, Bern<\/h4>\n<h4>Light &amp; Sound Factory, Bern<\/h4>\n<h4>Lukas Lehmann, Fotografie, Bern<\/h4>\n<h4>Lumine Projections, Wien<\/h4>\n<h4>Pani Projection and Lighting GmbH, Wien<\/h4>\n<h4>PRFact AG, Z\u00fcrich<\/h4>\n<h4>Projektil GmbH, Audiovisual Experiences, Z\u00fcrich<\/h4>\n<h4>Samariterverein Bern-Mitte<\/h4>\n<h4>Spectaculaires, les Allumeurs d\u2019images, St. Thurial<\/h4>\n<h4>Sphere Vision, Triel-sur-Saine<\/h4>\n<h4>The Company Creative Laboratory, Seoul<\/h4>\n<p>[\/vc_column_text][vc_empty_space height=&#8221;64px&#8221;][\/vc_column][\/vc_row]<\/p>\n<\/div>","protected":false},"excerpt":{"rendered":"<p>[vc_row row_type=&#8221;parallax&#8221; parallax_content_width=&#8221;in_grid&#8221; text_align=&#8221;left&#8221; full_screen_section_height=&#8221;no&#8221; background_image=&#8221;25000&#8243; el_id=&#8221;art-of-son-et-lumiere&#8221;][vc_column][vc_empty_space height=&#8221;128px&#8221;][vc_column_text] Art of Son et Lumi\u00e8re [\/vc_column_text][vc_separator type=&#8221;small&#8221; position=&#8221;left&#8221; up=&#8221;16&#8243; down=&#8221;16&#8243;][vc_column_text] Son et Lumi\u00e8re: extraordinary events [\/vc_column_text][vc_empty_space][\/vc_column][vc_column width=&#8221;1\/2&#8243;][vc_column_text]Image, sound, light: a touching synthesis of the arts arises. We plan spectacular performances for the events of our clients. The&#8230;<\/p>\n","protected":false},"author":5,"featured_media":0,"parent":0,"menu_order":0,"comment_status":"open","ping_status":"open","template":"full_width.php","meta":{"footnotes":""},"class_list":["post-25284","page","type-page","status-publish","hentry"],"yoast_head":"<!-- This site is optimized with the Yoast SEO plugin v27.5 - https:\/\/yoast.com\/product\/yoast-seo-wordpress\/ -->\n<title>About us - Starlight Events GmbH<\/title>\n<meta name=\"robots\" content=\"index, follow, max-snippet:-1, max-image-preview:large, max-video-preview:-1\" \/>\n<link rel=\"canonical\" href=\"https:\/\/www.starlightevents.ch\/en\/about-us\/\" \/>\n<meta property=\"og:locale\" content=\"en_US\" \/>\n<meta property=\"og:type\" content=\"article\" \/>\n<meta property=\"og:title\" content=\"About us - Starlight Events GmbH\" \/>\n<meta property=\"og:description\" content=\"[vc_row row_type=&#8221;parallax&#8221; parallax_content_width=&#8221;in_grid&#8221; text_align=&#8221;left&#8221; full_screen_section_height=&#8221;no&#8221; background_image=&#8221;25000&#8243; el_id=&#8221;art-of-son-et-lumiere&#8221;][vc_column][vc_empty_space height=&#8221;128px&#8221;][vc_column_text] Art of Son et Lumi\u00e8re [\/vc_column_text][vc_separator type=&#8221;small&#8221; position=&#8221;left&#8221; up=&#8221;16&#8243; down=&#8221;16&#8243;][vc_column_text] Son et Lumi\u00e8re: extraordinary events [\/vc_column_text][vc_empty_space][\/vc_column][vc_column width=&#8221;1\/2&#8243;][vc_column_text]Image, sound, light: a touching synthesis of the arts arises. We plan spectacular performances for the events of our clients. The...\" \/>\n<meta property=\"og:url\" content=\"https:\/\/www.starlightevents.ch\/en\/about-us\/\" \/>\n<meta property=\"og:site_name\" content=\"Starlight Events GmbH\" \/>\n<meta property=\"article:modified_time\" content=\"2022-08-10T10:38:50+00:00\" \/>\n<meta name=\"twitter:card\" content=\"summary_large_image\" \/>\n<meta name=\"twitter:label1\" content=\"Est. reading time\" \/>\n\t<meta name=\"twitter:data1\" content=\"4 minutes\" \/>\n<script type=\"application\/ld+json\" class=\"yoast-schema-graph\">{\"@context\":\"https:\\\/\\\/schema.org\",\"@graph\":[{\"@type\":\"WebPage\",\"@id\":\"https:\\\/\\\/www.starlightevents.ch\\\/en\\\/about-us\\\/\",\"url\":\"https:\\\/\\\/www.starlightevents.ch\\\/en\\\/about-us\\\/\",\"name\":\"About us - Starlight Events GmbH\",\"isPartOf\":{\"@id\":\"https:\\\/\\\/www.starlightevents.ch\\\/#website\"},\"datePublished\":\"2014-12-17T14:25:30+00:00\",\"dateModified\":\"2022-08-10T10:38:50+00:00\",\"breadcrumb\":{\"@id\":\"https:\\\/\\\/www.starlightevents.ch\\\/en\\\/about-us\\\/#breadcrumb\"},\"inLanguage\":\"en-US\",\"potentialAction\":[{\"@type\":\"ReadAction\",\"target\":[\"https:\\\/\\\/www.starlightevents.ch\\\/en\\\/about-us\\\/\"]}]},{\"@type\":\"BreadcrumbList\",\"@id\":\"https:\\\/\\\/www.starlightevents.ch\\\/en\\\/about-us\\\/#breadcrumb\",\"itemListElement\":[{\"@type\":\"ListItem\",\"position\":1,\"name\":\"Startseite\",\"item\":\"https:\\\/\\\/www.starlightevents.ch\\\/en\\\/\"},{\"@type\":\"ListItem\",\"position\":2,\"name\":\"About us\"}]},{\"@type\":\"WebSite\",\"@id\":\"https:\\\/\\\/www.starlightevents.ch\\\/#website\",\"url\":\"https:\\\/\\\/www.starlightevents.ch\\\/\",\"name\":\"Starlight Events GmbH\",\"description\":\"Realisation von Licht- und Tonspektakel\",\"potentialAction\":[{\"@type\":\"SearchAction\",\"target\":{\"@type\":\"EntryPoint\",\"urlTemplate\":\"https:\\\/\\\/www.starlightevents.ch\\\/?s={search_term_string}\"},\"query-input\":{\"@type\":\"PropertyValueSpecification\",\"valueRequired\":true,\"valueName\":\"search_term_string\"}}],\"inLanguage\":\"en-US\"}]}<\/script>\n<!-- \/ Yoast SEO plugin. -->","yoast_head_json":{"title":"About us - Starlight Events GmbH","robots":{"index":"index","follow":"follow","max-snippet":"max-snippet:-1","max-image-preview":"max-image-preview:large","max-video-preview":"max-video-preview:-1"},"canonical":"https:\/\/www.starlightevents.ch\/en\/about-us\/","og_locale":"en_US","og_type":"article","og_title":"About us - Starlight Events GmbH","og_description":"[vc_row row_type=&#8221;parallax&#8221; parallax_content_width=&#8221;in_grid&#8221; text_align=&#8221;left&#8221; full_screen_section_height=&#8221;no&#8221; background_image=&#8221;25000&#8243; el_id=&#8221;art-of-son-et-lumiere&#8221;][vc_column][vc_empty_space height=&#8221;128px&#8221;][vc_column_text] Art of Son et Lumi\u00e8re [\/vc_column_text][vc_separator type=&#8221;small&#8221; position=&#8221;left&#8221; up=&#8221;16&#8243; down=&#8221;16&#8243;][vc_column_text] Son et Lumi\u00e8re: extraordinary events [\/vc_column_text][vc_empty_space][\/vc_column][vc_column width=&#8221;1\/2&#8243;][vc_column_text]Image, sound, light: a touching synthesis of the arts arises. We plan spectacular performances for the events of our clients. The...","og_url":"https:\/\/www.starlightevents.ch\/en\/about-us\/","og_site_name":"Starlight Events GmbH","article_modified_time":"2022-08-10T10:38:50+00:00","twitter_card":"summary_large_image","twitter_misc":{"Est. reading time":"4 minutes"},"schema":{"@context":"https:\/\/schema.org","@graph":[{"@type":"WebPage","@id":"https:\/\/www.starlightevents.ch\/en\/about-us\/","url":"https:\/\/www.starlightevents.ch\/en\/about-us\/","name":"About us - Starlight Events GmbH","isPartOf":{"@id":"https:\/\/www.starlightevents.ch\/#website"},"datePublished":"2014-12-17T14:25:30+00:00","dateModified":"2022-08-10T10:38:50+00:00","breadcrumb":{"@id":"https:\/\/www.starlightevents.ch\/en\/about-us\/#breadcrumb"},"inLanguage":"en-US","potentialAction":[{"@type":"ReadAction","target":["https:\/\/www.starlightevents.ch\/en\/about-us\/"]}]},{"@type":"BreadcrumbList","@id":"https:\/\/www.starlightevents.ch\/en\/about-us\/#breadcrumb","itemListElement":[{"@type":"ListItem","position":1,"name":"Startseite","item":"https:\/\/www.starlightevents.ch\/en\/"},{"@type":"ListItem","position":2,"name":"About us"}]},{"@type":"WebSite","@id":"https:\/\/www.starlightevents.ch\/#website","url":"https:\/\/www.starlightevents.ch\/","name":"Starlight Events GmbH","description":"Realisation von Licht- und Tonspektakel","potentialAction":[{"@type":"SearchAction","target":{"@type":"EntryPoint","urlTemplate":"https:\/\/www.starlightevents.ch\/?s={search_term_string}"},"query-input":{"@type":"PropertyValueSpecification","valueRequired":true,"valueName":"search_term_string"}}],"inLanguage":"en-US"}]}},"_links":{"self":[{"href":"https:\/\/www.starlightevents.ch\/en\/wp-json\/wp\/v2\/pages\/25284","targetHints":{"allow":["GET"]}}],"collection":[{"href":"https:\/\/www.starlightevents.ch\/en\/wp-json\/wp\/v2\/pages"}],"about":[{"href":"https:\/\/www.starlightevents.ch\/en\/wp-json\/wp\/v2\/types\/page"}],"author":[{"embeddable":true,"href":"https:\/\/www.starlightevents.ch\/en\/wp-json\/wp\/v2\/users\/5"}],"replies":[{"embeddable":true,"href":"https:\/\/www.starlightevents.ch\/en\/wp-json\/wp\/v2\/comments?post=25284"}],"version-history":[{"count":9,"href":"https:\/\/www.starlightevents.ch\/en\/wp-json\/wp\/v2\/pages\/25284\/revisions"}],"predecessor-version":[{"id":26683,"href":"https:\/\/www.starlightevents.ch\/en\/wp-json\/wp\/v2\/pages\/25284\/revisions\/26683"}],"wp:attachment":[{"href":"https:\/\/www.starlightevents.ch\/en\/wp-json\/wp\/v2\/media?parent=25284"}],"curies":[{"name":"wp","href":"https:\/\/api.w.org\/{rel}","templated":true}]}}