{"id":25285,"date":"2014-12-17T14:25:30","date_gmt":"2014-12-17T14:25:30","guid":{"rendered":"http:\/\/relaunch.starlightevents.ch\/ueber-uns\/"},"modified":"2022-08-10T12:41:06","modified_gmt":"2022-08-10T10:41:06","slug":"portrait","status":"publish","type":"page","link":"https:\/\/www.starlightevents.ch\/fr\/portrait\/","title":{"rendered":"Portrait"},"content":{"rendered":"<div class=\"wpb-content-wrapper\"><p>[vc_row row_type=\u00a0\u00bbparallax\u00a0\u00bb parallax_content_width=\u00a0\u00bbin_grid\u00a0\u00bb text_align=\u00a0\u00bbleft\u00a0\u00bb full_screen_section_height=\u00a0\u00bbno\u00a0\u00bb background_image=\u00a0\u00bb25000&Prime; el_id=\u00a0\u00bbles-jeux-de-lumiere\u00a0\u00bb][vc_column][vc_empty_space height=\u00a0\u00bb128px\u00a0\u00bb][vc_column_text]<\/p>\n<h1>Les jeux de lumi\u00e8re<\/h1>\n<p>[\/vc_column_text][vc_separator type=\u00a0\u00bbsmall\u00a0\u00bb position=\u00a0\u00bbleft\u00a0\u00bb up=\u00a0\u00bb16&Prime; down=\u00a0\u00bb16&Prime;][vc_column_text]<\/p>\n<h2>Son et Lumi\u00e8re: des \u00e9v\u00e9nements exceptionnels<\/h2>\n<p>[\/vc_column_text][vc_empty_space][\/vc_column][vc_column width=\u00a0\u00bb1\/2&Prime;][vc_column_text]Les images, le son et la lumi\u00e8re permettent de cr\u00e9er une \u0153uvre d\u2019art en mouvement. Nous concevons des repr\u00e9sentations spectaculaires pour les \u00e9v\u00e9nements de nos clients.<\/p>\n<p>Les cr\u00e9ateurs de Rendez-vous Bundesplatz allient la cr\u00e9ativit\u00e9 aux possibilit\u00e9s techniques les plus r\u00e9centes. Collaboration avec des artistes son &amp; lumi\u00e8res et des sc\u00e9nographes renomm\u00e9s au niveau international. Cela permet de r\u00e9aliser des animations son et lumi\u00e8re d\u2019une qualit\u00e9 et d\u2019une efficacit\u00e9 jamais atteintes jusqu\u2019\u00e0 pr\u00e9sent.<\/p>\n<p>Son et Lumi\u00e8re de Starlight Events est plus qu\u2019un spectacle son et lumi\u00e8re. Les jeux de lumi\u00e8re sont d&rsquo;une intensit\u00e9 impressionnante et conviennent aussi bien pour des sujets joyeux que pour des th\u00e8mes plus s\u00e9rieux, pour les contes de f\u00e9es comme pour les sujets historiques.[\/vc_column_text][vc_separator type=\u00a0\u00bbtransparent\u00a0\u00bb up=\u00a0\u00bb29&Prime; down=\u00a0\u00bb0&Prime;][\/vc_column][vc_column width=\u00a0\u00bb1\/2&Prime;][vc_column_text]Vous recherchez une performance extraordinaire pour votre \u00e9v\u00e9nement, une production de son et lumi\u00e8re qui restera inoubliable ? Nous accompagnons les projets culturels, les occasions festives, les promotions, les lancements de produits, les conf\u00e9rences, les foires commerciales et les \u00e9v\u00e9nements de fid\u00e9lisation de la client\u00e8le. Nous faisons aussi en sorte que la saison de No\u00ebl et d&rsquo;autres \u00e9v\u00e9nements festifs brillent avec un \u00e9clat particulier.<\/p>\n<p>Laissez-vous inspirer par nos <a title=\"Projets\" href=\"http:\/\/relaunch.starlightevents.ch\/fr\/projets\/\">exemples de projets<\/a>.[\/vc_column_text][\/vc_column][vc_column][vc_empty_space height=\u00a0\u00bb128px\u00a0\u00bb][\/vc_column][\/vc_row][vc_row css_animation=\u00a0\u00bb\u00a0\u00bb row_type=\u00a0\u00bbrow\u00a0\u00bb use_row_as_full_screen_section=\u00a0\u00bbno\u00a0\u00bb type=\u00a0\u00bbgrid\u00a0\u00bb angled_section=\u00a0\u00bbno\u00a0\u00bb text_align=\u00a0\u00bbleft\u00a0\u00bb background_image_as_pattern=\u00a0\u00bbwithout_pattern\u00a0\u00bb background_color=\u00a0\u00bb#00082d\u00a0\u00bb z_index=\u00a0\u00bb\u00a0\u00bb el_id=\u00a0\u00bbl-equipe\u00a0\u00bb][vc_column][vc_empty_space height=\u00a0\u00bb128px\u00a0\u00bb][vc_column_text]<\/p>\n<div id=\"g1-precontent\" class=\"g1-precontent\">\n<h1 class=\"g1-background\">\u00a0L\u2019\u00e9quipe<\/h1>\n<\/div>\n<p>[\/vc_column_text][vc_separator type=\u00a0\u00bbsmall\u00a0\u00bb position=\u00a0\u00bbleft\u00a0\u00bb up=\u00a0\u00bb16&Prime; down=\u00a0\u00bb16&Prime;][vc_column_text]<\/p>\n<nav class=\"g1-nav-breadcrumbs g1-meta\">\n<h2>Personnes, personnalit\u00e9s et comp\u00e9tences. Collaboration dans la bonne humeur. Et le monde commence \u00e0 s\u2019\u00e9clairer.<\/h2>\n<\/nav>\n<p>[\/vc_column_text][vc_empty_space height=\u00a0\u00bb64px\u00a0\u00bb][vc_column_text]<\/p>\n<nav class=\"g1-nav-breadcrumbs g1-meta\">\n<h3 class=\"assistive-text\">Brigitte Roux<\/h3>\n<\/nav>\n<p>[\/vc_column_text][\/vc_column][vc_column width=\u00a0\u00bb1\/2&Prime;][vc_column_text]Propri\u00e9taire et directrice de l\u2019entreprise<br \/>\nInitiatrice de Rendez-vous Bundesplatz<\/p>\n<ul>\n<li>Coordination globale de A \u00e0 Z<\/li>\n<li>Concepts<\/li>\n<li>Strat\u00e9gie globale<\/li>\n<\/ul>\n<p>[\/vc_column_text][vc_separator type=\u00a0\u00bbtransparent\u00a0\u00bb up=\u00a0\u00bb0&Prime; down=\u00a0\u00bb16&Prime;][\/vc_column][vc_column width=\u00a0\u00bb1\/2&Prime;][vc_column_text]<em>\u00ab La rencontre constitue un d\u00e9but, le fait de rester ensemble repr\u00e9sente un progr\u00e8s et la collaboration est un succ\u00e8s. \u00bb<\/em>[\/vc_column_text][\/vc_column][\/vc_row][vc_row css_animation=\u00a0\u00bb\u00a0\u00bb row_type=\u00a0\u00bbrow\u00a0\u00bb use_row_as_full_screen_section=\u00a0\u00bbno\u00a0\u00bb type=\u00a0\u00bbgrid\u00a0\u00bb angled_section=\u00a0\u00bbno\u00a0\u00bb text_align=\u00a0\u00bbleft\u00a0\u00bb background_image_as_pattern=\u00a0\u00bbwithout_pattern\u00a0\u00bb background_color=\u00a0\u00bb#00082d\u00a0\u00bb z_index=\u00a0\u00bb\u00a0\u00bb][vc_column][vc_empty_space][vc_column_text]<\/p>\n<nav class=\"g1-nav-breadcrumbs g1-meta\">\n<h3>Nicolas\u00a0Kyramarios<\/h3>\n<\/nav>\n<p>[\/vc_column_text][\/vc_column][vc_column width=\u00a0\u00bb1\/2&Prime;][vc_column_text]Cr\u00e9ateur visuel, gourmet<\/p>\n<ul>\n<li>Graphismes, design<\/li>\n<li>Site Web<\/li>\n<li>R\u00e9saux sociaux<\/li>\n<\/ul>\n<p>[\/vc_column_text][vc_separator type=\u00a0\u00bbtransparent\u00a0\u00bb up=\u00a0\u00bb0&Prime; down=\u00a0\u00bb16&Prime;][\/vc_column][vc_column width=\u00a0\u00bb1\/2&Prime;][vc_column_text]<em>\u00ab Des solutions \u00e9l\u00e9gantes et pragmatiques au lieu de mondes de lumi\u00e8re exag\u00e9r\u00e9s \u00bb<\/em>[\/vc_column_text][\/vc_column][\/vc_row][vc_row css_animation=\u00a0\u00bb\u00a0\u00bb row_type=\u00a0\u00bbrow\u00a0\u00bb use_row_as_full_screen_section=\u00a0\u00bbno\u00a0\u00bb type=\u00a0\u00bbgrid\u00a0\u00bb angled_section=\u00a0\u00bbno\u00a0\u00bb text_align=\u00a0\u00bbleft\u00a0\u00bb background_image_as_pattern=\u00a0\u00bbwithout_pattern\u00a0\u00bb background_color=\u00a0\u00bb#00082d\u00a0\u00bb z_index=\u00a0\u00bb\u00a0\u00bb][vc_column][vc_empty_space][vc_column_text]<\/p>\n<nav class=\"g1-nav-breadcrumbs g1-meta\">\n<h3>Martin Hauzenberger<\/h3>\n<\/nav>\n<p>[\/vc_column_text][\/vc_column][vc_column width=\u00a0\u00bb1\/2&Prime;][vc_column_text]Journaliste, historien, auteur-compositeur<\/p>\n<ul>\n<li>mots<\/li>\n<li>musique<\/li>\n<li>arri\u00e8re-plan<\/li>\n<\/ul>\n<p>[\/vc_column_text][vc_separator type=\u00a0\u00bbtransparent\u00a0\u00bb up=\u00a0\u00bb0&Prime; down=\u00a0\u00bb16&Prime;][\/vc_column][vc_column width=\u00a0\u00bb1\/2&Prime;][vc_column_text]<em>\u00ab\u00a0La fiction est bien fade par rapport \u00e0 l&rsquo;Histoire\u00a0\u00bb<\/em>[\/vc_column_text][\/vc_column][\/vc_row][vc_row css_animation=\u00a0\u00bb\u00a0\u00bb row_type=\u00a0\u00bbrow\u00a0\u00bb use_row_as_full_screen_section=\u00a0\u00bbno\u00a0\u00bb type=\u00a0\u00bbgrid\u00a0\u00bb angled_section=\u00a0\u00bbno\u00a0\u00bb text_align=\u00a0\u00bbleft\u00a0\u00bb background_image_as_pattern=\u00a0\u00bbwithout_pattern\u00a0\u00bb background_color=\u00a0\u00bb#00082d\u00a0\u00bb z_index=\u00a0\u00bb\u00a0\u00bb][vc_column][vc_empty_space][vc_column_text]<\/p>\n<nav class=\"g1-nav-breadcrumbs g1-meta\">\n<h3>Bureau de presse Gaby Labhart<\/h3>\n<\/nav>\n<p>[\/vc_column_text][\/vc_column][vc_column width=\u00a0\u00bb1\/2&Prime;][vc_column_text]Journaliste<\/p>\n<ul>\n<li>mots<\/li>\n<li>faits<\/li>\n<li>informations<\/li>\n<\/ul>\n<p>[\/vc_column_text][vc_separator type=\u00a0\u00bbtransparent\u00a0\u00bb up=\u00a0\u00bb0&Prime; down=\u00a0\u00bb16&Prime;][\/vc_column][vc_column width=\u00a0\u00bb1\/2&Prime;][vc_column_text]<em>\u00ab\u00a0La r\u00e9alisation progressive des pens\u00e9es par \u00e9crit. Merci pour votre suggestion, Heinrich von Kleist.\u00a0\u00bb<\/em>[\/vc_column_text][\/vc_column][vc_column][vc_empty_space height=\u00a0\u00bb128px\u00a0\u00bb][\/vc_column][\/vc_row][vc_row row_type=\u00a0\u00bbparallax\u00a0\u00bb parallax_content_width=\u00a0\u00bbin_grid\u00a0\u00bb text_align=\u00a0\u00bbleft\u00a0\u00bb full_screen_section_height=\u00a0\u00bbno\u00a0\u00bb background_image=\u00a0\u00bb25011&Prime; el_id=\u00a0\u00bbclients-et-partenaires\u00a0\u00bb][vc_column][vc_empty_space height=\u00a0\u00bb128px\u00a0\u00bb][vc_column_text]<\/p>\n<header class=\"entry-header g1-layout-inner\">\n<div class=\"g1-hgroup\">\n<h1 class=\"entry-title\">Clients et partenaires<\/h1>\n<\/div>\n<\/header>\n<p>[\/vc_column_text][vc_separator type=\u00a0\u00bbsmall\u00a0\u00bb position=\u00a0\u00bbleft\u00a0\u00bb up=\u00a0\u00bb16&Prime; down=\u00a0\u00bb16&Prime;][vc_column_text]<\/p>\n<h2>Quelques-uns de nos clients<\/h2>\n<p>Fasciner, \u00e9mouvoir, surprendre. En plus de nos projets propres tels que Rendez-vous Bundesplatz, nous animons et mettons en sc\u00e8ne des spectacles son et lumi\u00e8re pour nos clients.[\/vc_column_text][vc_separator type=\u00a0\u00bbtransparent\u00a0\u00bb up=\u00a0\u00bb54&Prime; down=\u00a0\u00bb0&Prime;][\/vc_column][vc_column width=\u00a0\u00bb1\/2&Prime;][vc_column_text]<\/p>\n<h4>BEKB<\/h4>\n<h4>Bellevue Palace Bern<\/h4>\n<h4>Bern Hotels<\/h4>\n<h4>Bern Parking<\/h4>\n<h4>Bern Tourismus<\/h4>\n<h4>BERNcity<\/h4>\n<h4>Burgergemeinde Bern<\/h4>\n<h4>Cailler\/Nestl\u00e9<\/h4>\n<h4>Canton de Vaud<\/h4>\n<h4>Croix-Rouge suisse<\/h4>\n<h4>Entrec\u00f4te Caf\u00e9 F\u00e9d\u00e9ral<\/h4>\n<h4>F\u00e9d\u00e9ration des coop\u00e9ratives Migros<\/h4>\n<h4>Fondation Cerebral<\/h4>\n<h4>Fondation H. Dudley Wright (Universit\u00e9 de Gen\u00e8ve)<\/h4>\n<h4>Fondation Vinetum<\/h4>\n<h4>Fonds de loterie Canton de Berne<\/h4>\n<h4>GastroStadtBern und Umgebung<\/h4>\n<h4>Gesellschaft zu Mittell\u00f6wen<\/h4>\n<h4>Gourmanderie Mol\u00e9son<\/h4>\n<h4>Hotel B\u00e4ren<\/h4>\n<h4>Hotel Bern<\/h4>\n<h4>Kornhauskeller &amp; Galeriebar<\/h4>\n<h4>Japanesengesellschaft Schwyz<\/h4>\n<p>[\/vc_column_text][vc_empty_space][\/vc_column][vc_column width=\u00a0\u00bb1\/2&Prime;][vc_column_text]<\/p>\n<h4>L&rsquo;Assembl\u00e9e f\u00e9d\u00e9rale \u2014 Le Parlement suisse<\/h4>\n<h4>Locanda Tre Fratelli<\/h4>\n<h4>Lorenzini<\/h4>\n<h4>Mifroma\/Raccard<\/h4>\n<h4>Migros pour-cent culturel<\/h4>\n<h4>pi\u00f9 kornhaus<\/h4>\n<h4>Planet Solar<\/h4>\n<h4>Pr\u00e4senz Schweiz\/EDA<\/h4>\n<h4>Restaurant Oberer M\u00f6nchhof<\/h4>\n<h4>Santa Lucia Bern<\/h4>\n<h4>Schroders<\/h4>\n<h4>Securitas<\/h4>\n<h4>Spaghetti Factory Chindlifr\u00e4sser<\/h4>\n<h4>SRG SSR Media Services<\/h4>\n<h4>The Bristol, Berne<\/h4>\n<h4>Universit\u00e9 de Berne<\/h4>\n<h4>Verein 750 Jahre Thuner Stadtrechte<\/h4>\n<h4>Ville de Berne<\/h4>\n<h4>Ville de Fribourg<\/h4>\n<h4>Ville de Liestal<\/h4>\n<h4>Wirz Communications AG, Zurich<\/h4>\n<h4>Zermatt Tourisme<\/h4>\n<p>[\/vc_column_text][\/vc_column][vc_column][vc_empty_space height=\u00a0\u00bb64px\u00a0\u00bb][vc_column_text]<\/p>\n<h2>Nos partenaires<\/h2>\n<p>Cr\u00e9ation et technologie. Quand des id\u00e9es se manifestent par le biais du son et de la lumi\u00e8re, nos partenaires sont impliqu\u00e9s autant que nous.[\/vc_column_text][vc_separator type=\u00a0\u00bbtransparent\u00a0\u00bb up=\u00a0\u00bb54&Prime; down=\u00a0\u00bb0&Prime;][vc_column_text]<\/p>\n<h4>auviso audio visual solutions ag<\/h4>\n<h4>b\u00e4rnerb\u00e4r<\/h4>\n<h4>Casa Magica, Friedrich F\u00f6rster &amp; Sabine Wei\u00dfinger, T\u00fcbingen<\/h4>\n<h4>consign \u2013 identity communication design AG<\/h4>\n<h4>dokFILM.ch\/Tom Kaffka<\/h4>\n<h4>Energy Radio<\/h4>\n<h4>Gaby Labhart &amp; Martin Hauzenberger, Zollikon<\/h4>\n<h4>Galli Music, Z\u00fcrich<\/h4>\n<h4>Goodmedia, Seoul<\/h4>\n<h4>Hans Peter Laubscher Coaching, Hurden<\/h4>\n<h4>Kyramarios GmbH, Kommunikation, Bern<\/h4>\n<h4>Light &amp; Sound Factory, Bern<\/h4>\n<h4>Lukas Lehmann, Fotografie, Bern<\/h4>\n<h4>Lumine Projections, Wien<\/h4>\n<h4>Pani Projection and Lighting GmbH, Wien<\/h4>\n<h4>Primus Communications GmbH, Z\u00fcrich<\/h4>\n<h4>Projektil GmbH, Audiovisual Experiences, Z\u00fcrich<\/h4>\n<h4>Samariterverein Bern-Mitte<\/h4>\n<h4>Spectaculaires, les Allumeurs d\u2019images, St. Thurial<\/h4>\n<h4>Sphere Vision, Triel-sur-Saine<\/h4>\n<h4>The Company Creative Laboratory, Seoul<\/h4>\n<p>[\/vc_column_text][vc_empty_space height=\u00a0\u00bb64px\u00a0\u00bb][\/vc_column][\/vc_row]<\/p>\n<\/div>","protected":false},"excerpt":{"rendered":"<p>[vc_row row_type=\u00a0\u00bbparallax\u00a0\u00bb parallax_content_width=\u00a0\u00bbin_grid\u00a0\u00bb text_align=\u00a0\u00bbleft\u00a0\u00bb full_screen_section_height=\u00a0\u00bbno\u00a0\u00bb background_image=\u00a0\u00bb25000&Prime; el_id=\u00a0\u00bbles-jeux-de-lumiere\u00a0\u00bb][vc_column][vc_empty_space height=\u00a0\u00bb128px\u00a0\u00bb][vc_column_text] Les jeux de lumi\u00e8re [\/vc_column_text][vc_separator type=\u00a0\u00bbsmall\u00a0\u00bb position=\u00a0\u00bbleft\u00a0\u00bb up=\u00a0\u00bb16&Prime; down=\u00a0\u00bb16&Prime;][vc_column_text] Son et Lumi\u00e8re: des \u00e9v\u00e9nements exceptionnels [\/vc_column_text][vc_empty_space][\/vc_column][vc_column width=\u00a0\u00bb1\/2&Prime;][vc_column_text]Les images, le son et la lumi\u00e8re permettent de cr\u00e9er une \u0153uvre d\u2019art en mouvement. Nous concevons des repr\u00e9sentations spectaculaires pour&#8230;<\/p>\n","protected":false},"author":5,"featured_media":0,"parent":0,"menu_order":0,"comment_status":"open","ping_status":"open","template":"full_width.php","meta":{"footnotes":""},"class_list":["post-25285","page","type-page","status-publish","hentry"],"yoast_head":"<!-- This site is optimized with the Yoast SEO plugin v27.5 - https:\/\/yoast.com\/product\/yoast-seo-wordpress\/ -->\n<title>Portrait - Starlight Events GmbH<\/title>\n<meta name=\"robots\" content=\"index, follow, max-snippet:-1, max-image-preview:large, max-video-preview:-1\" \/>\n<link rel=\"canonical\" href=\"https:\/\/www.starlightevents.ch\/fr\/portrait\/\" \/>\n<meta property=\"og:locale\" content=\"fr_FR\" \/>\n<meta property=\"og:type\" content=\"article\" \/>\n<meta property=\"og:title\" content=\"Portrait - Starlight Events GmbH\" \/>\n<meta property=\"og:description\" content=\"[vc_row row_type=\u00a0\u00bbparallax\u00a0\u00bb parallax_content_width=\u00a0\u00bbin_grid\u00a0\u00bb text_align=\u00a0\u00bbleft\u00a0\u00bb full_screen_section_height=\u00a0\u00bbno\u00a0\u00bb background_image=\u00a0\u00bb25000&Prime; el_id=\u00a0\u00bbles-jeux-de-lumiere\u00a0\u00bb][vc_column][vc_empty_space height=\u00a0\u00bb128px\u00a0\u00bb][vc_column_text] Les jeux de lumi\u00e8re [\/vc_column_text][vc_separator type=\u00a0\u00bbsmall\u00a0\u00bb position=\u00a0\u00bbleft\u00a0\u00bb up=\u00a0\u00bb16&Prime; down=\u00a0\u00bb16&Prime;][vc_column_text] Son et Lumi\u00e8re: des \u00e9v\u00e9nements exceptionnels [\/vc_column_text][vc_empty_space][\/vc_column][vc_column width=\u00a0\u00bb1\/2&Prime;][vc_column_text]Les images, le son et la lumi\u00e8re permettent de cr\u00e9er une \u0153uvre d\u2019art en mouvement. Nous concevons des repr\u00e9sentations spectaculaires pour...\" \/>\n<meta property=\"og:url\" content=\"https:\/\/www.starlightevents.ch\/fr\/portrait\/\" \/>\n<meta property=\"og:site_name\" content=\"Starlight Events GmbH\" \/>\n<meta property=\"article:modified_time\" content=\"2022-08-10T10:41:06+00:00\" \/>\n<meta name=\"twitter:card\" content=\"summary_large_image\" \/>\n<meta name=\"twitter:label1\" content=\"Dur\u00e9e de lecture estim\u00e9e\" \/>\n\t<meta name=\"twitter:data1\" content=\"4 minutes\" \/>\n<script type=\"application\/ld+json\" class=\"yoast-schema-graph\">{\"@context\":\"https:\\\/\\\/schema.org\",\"@graph\":[{\"@type\":\"WebPage\",\"@id\":\"https:\\\/\\\/www.starlightevents.ch\\\/fr\\\/portrait\\\/\",\"url\":\"https:\\\/\\\/www.starlightevents.ch\\\/fr\\\/portrait\\\/\",\"name\":\"Portrait - Starlight Events GmbH\",\"isPartOf\":{\"@id\":\"https:\\\/\\\/www.starlightevents.ch\\\/#website\"},\"datePublished\":\"2014-12-17T14:25:30+00:00\",\"dateModified\":\"2022-08-10T10:41:06+00:00\",\"breadcrumb\":{\"@id\":\"https:\\\/\\\/www.starlightevents.ch\\\/fr\\\/portrait\\\/#breadcrumb\"},\"inLanguage\":\"fr-FR\",\"potentialAction\":[{\"@type\":\"ReadAction\",\"target\":[\"https:\\\/\\\/www.starlightevents.ch\\\/fr\\\/portrait\\\/\"]}]},{\"@type\":\"BreadcrumbList\",\"@id\":\"https:\\\/\\\/www.starlightevents.ch\\\/fr\\\/portrait\\\/#breadcrumb\",\"itemListElement\":[{\"@type\":\"ListItem\",\"position\":1,\"name\":\"Startseite\",\"item\":\"https:\\\/\\\/www.starlightevents.ch\\\/fr\\\/\"},{\"@type\":\"ListItem\",\"position\":2,\"name\":\"Portrait\"}]},{\"@type\":\"WebSite\",\"@id\":\"https:\\\/\\\/www.starlightevents.ch\\\/#website\",\"url\":\"https:\\\/\\\/www.starlightevents.ch\\\/\",\"name\":\"Starlight Events GmbH\",\"description\":\"Realisation von Licht- und Tonspektakel\",\"potentialAction\":[{\"@type\":\"SearchAction\",\"target\":{\"@type\":\"EntryPoint\",\"urlTemplate\":\"https:\\\/\\\/www.starlightevents.ch\\\/?s={search_term_string}\"},\"query-input\":{\"@type\":\"PropertyValueSpecification\",\"valueRequired\":true,\"valueName\":\"search_term_string\"}}],\"inLanguage\":\"fr-FR\"}]}<\/script>\n<!-- \/ Yoast SEO plugin. -->","yoast_head_json":{"title":"Portrait - Starlight Events GmbH","robots":{"index":"index","follow":"follow","max-snippet":"max-snippet:-1","max-image-preview":"max-image-preview:large","max-video-preview":"max-video-preview:-1"},"canonical":"https:\/\/www.starlightevents.ch\/fr\/portrait\/","og_locale":"fr_FR","og_type":"article","og_title":"Portrait - Starlight Events GmbH","og_description":"[vc_row row_type=\u00a0\u00bbparallax\u00a0\u00bb parallax_content_width=\u00a0\u00bbin_grid\u00a0\u00bb text_align=\u00a0\u00bbleft\u00a0\u00bb full_screen_section_height=\u00a0\u00bbno\u00a0\u00bb background_image=\u00a0\u00bb25000&Prime; el_id=\u00a0\u00bbles-jeux-de-lumiere\u00a0\u00bb][vc_column][vc_empty_space height=\u00a0\u00bb128px\u00a0\u00bb][vc_column_text] Les jeux de lumi\u00e8re [\/vc_column_text][vc_separator type=\u00a0\u00bbsmall\u00a0\u00bb position=\u00a0\u00bbleft\u00a0\u00bb up=\u00a0\u00bb16&Prime; down=\u00a0\u00bb16&Prime;][vc_column_text] Son et Lumi\u00e8re: des \u00e9v\u00e9nements exceptionnels [\/vc_column_text][vc_empty_space][\/vc_column][vc_column width=\u00a0\u00bb1\/2&Prime;][vc_column_text]Les images, le son et la lumi\u00e8re permettent de cr\u00e9er une \u0153uvre d\u2019art en mouvement. Nous concevons des repr\u00e9sentations spectaculaires pour...","og_url":"https:\/\/www.starlightevents.ch\/fr\/portrait\/","og_site_name":"Starlight Events GmbH","article_modified_time":"2022-08-10T10:41:06+00:00","twitter_card":"summary_large_image","twitter_misc":{"Dur\u00e9e de lecture estim\u00e9e":"4 minutes"},"schema":{"@context":"https:\/\/schema.org","@graph":[{"@type":"WebPage","@id":"https:\/\/www.starlightevents.ch\/fr\/portrait\/","url":"https:\/\/www.starlightevents.ch\/fr\/portrait\/","name":"Portrait - Starlight Events GmbH","isPartOf":{"@id":"https:\/\/www.starlightevents.ch\/#website"},"datePublished":"2014-12-17T14:25:30+00:00","dateModified":"2022-08-10T10:41:06+00:00","breadcrumb":{"@id":"https:\/\/www.starlightevents.ch\/fr\/portrait\/#breadcrumb"},"inLanguage":"fr-FR","potentialAction":[{"@type":"ReadAction","target":["https:\/\/www.starlightevents.ch\/fr\/portrait\/"]}]},{"@type":"BreadcrumbList","@id":"https:\/\/www.starlightevents.ch\/fr\/portrait\/#breadcrumb","itemListElement":[{"@type":"ListItem","position":1,"name":"Startseite","item":"https:\/\/www.starlightevents.ch\/fr\/"},{"@type":"ListItem","position":2,"name":"Portrait"}]},{"@type":"WebSite","@id":"https:\/\/www.starlightevents.ch\/#website","url":"https:\/\/www.starlightevents.ch\/","name":"Starlight Events GmbH","description":"Realisation von Licht- und Tonspektakel","potentialAction":[{"@type":"SearchAction","target":{"@type":"EntryPoint","urlTemplate":"https:\/\/www.starlightevents.ch\/?s={search_term_string}"},"query-input":{"@type":"PropertyValueSpecification","valueRequired":true,"valueName":"search_term_string"}}],"inLanguage":"fr-FR"}]}},"_links":{"self":[{"href":"https:\/\/www.starlightevents.ch\/fr\/wp-json\/wp\/v2\/pages\/25285","targetHints":{"allow":["GET"]}}],"collection":[{"href":"https:\/\/www.starlightevents.ch\/fr\/wp-json\/wp\/v2\/pages"}],"about":[{"href":"https:\/\/www.starlightevents.ch\/fr\/wp-json\/wp\/v2\/types\/page"}],"author":[{"embeddable":true,"href":"https:\/\/www.starlightevents.ch\/fr\/wp-json\/wp\/v2\/users\/5"}],"replies":[{"embeddable":true,"href":"https:\/\/www.starlightevents.ch\/fr\/wp-json\/wp\/v2\/comments?post=25285"}],"version-history":[{"count":9,"href":"https:\/\/www.starlightevents.ch\/fr\/wp-json\/wp\/v2\/pages\/25285\/revisions"}],"predecessor-version":[{"id":26688,"href":"https:\/\/www.starlightevents.ch\/fr\/wp-json\/wp\/v2\/pages\/25285\/revisions\/26688"}],"wp:attachment":[{"href":"https:\/\/www.starlightevents.ch\/fr\/wp-json\/wp\/v2\/media?parent=25285"}],"curies":[{"name":"wp","href":"https:\/\/api.w.org\/{rel}","templated":true}]}}