{"id":25704,"date":"2018-04-27T18:33:43","date_gmt":"2018-04-27T16:33:43","guid":{"rendered":"http:\/\/relaunch.starlightevents.ch\/faq\/"},"modified":"2018-08-08T14:25:09","modified_gmt":"2018-08-08T12:25:09","slug":"faq","status":"publish","type":"page","link":"https:\/\/www.starlightevents.ch\/fr\/faq\/","title":{"rendered":"FAQ"},"content":{"rendered":"<div class=\"wpb-content-wrapper\"><p>[vc_row row_type=\u00a0\u00bbparallax\u00a0\u00bb parallax_content_width=\u00a0\u00bbin_grid\u00a0\u00bb text_align=\u00a0\u00bbleft\u00a0\u00bb background_image=\u00a0\u00bb25627&Prime; full_screen_section_height=\u00a0\u00bbno\u00a0\u00bb][vc_column][vc_empty_space height=\u00a0\u00bb128px\u00a0\u00bb][vc_column_text]<\/p>\n<h1>FAQ \u2013 Foire aux questions<\/h1>\n<p>[\/vc_column_text][vc_empty_space height=\u00a0\u00bb128px\u00a0\u00bb][\/vc_column][\/vc_row][vc_row css_animation=\u00a0\u00bb\u00a0\u00bb row_type=\u00a0\u00bbrow\u00a0\u00bb use_row_as_full_screen_section=\u00a0\u00bbno\u00a0\u00bb type=\u00a0\u00bbfull_width\u00a0\u00bb angled_section=\u00a0\u00bbno\u00a0\u00bb text_align=\u00a0\u00bbcenter\u00a0\u00bb background_image_as_pattern=\u00a0\u00bbwithout_pattern\u00a0\u00bb background_color=\u00a0\u00bb#00082d\u00a0\u00bb z_index=\u00a0\u00bb\u00a0\u00bb][vc_column][vc_empty_space height=\u00a0\u00bb128px\u00a0\u00bb]<div class=\"qode-accordion-holder clearfix qode-toggle qode-initial \">\n\t<h2 class=\"clearfix qode-title-holder\">\n<span class=\"qode-tab-title\">\n\t    <span class=\"qode-tab-title-inner\">\n        Qu&#039;est-ce qu&#039;un Son et Lumi\u00e8re ?    <\/span>\n<\/span>\n<span class=\"qode-accordion-mark\">\n    <span class=\"qode-accordion-mark-icon\">\n        <span class=\"icon_plus\"><\/span>\n        <span class=\"icon_minus-06\"><\/span>\n    <\/span>\n<\/span>\n<\/h2>\n<div id = titel_faq class=\"qode-accordion-content \" >\n    <div class=\"qode-accordion-content-inner\">\n        [vc_row_inner row_type=\u00a0\u00bbrow\u00a0\u00bb type=\u00a0\u00bbgrid\u00a0\u00bb text_align=\u00a0\u00bbleft\u00a0\u00bb css_animation=\u00a0\u00bb\u00a0\u00bb][vc_column_inner width=\u00a0\u00bb1\/2&Prime;][vc_column_text]Les spectacles son et lumi\u00e8re, pour lesquels le terme fran\u00e7ais \u00ab\u00a0Son et Lumi\u00e8re\u00a0\u00bb s&rsquo;est impos\u00e9 dans le langage international en tant que vocable g\u00e9n\u00e9rique pour les divertissements nocturnes, qui se d\u00e9roulent g\u00e9n\u00e9ralement dans des b\u00e2timents historiques importants \u00e0 l&rsquo;ext\u00e9rieur. Ce n&rsquo;est pas \u00e9tonnant, car les racines de ce concept remontent au conservateur du ch\u00e2teau de Chambord, sur la Loire, Paul Robert-Houdin, qui a mis en sc\u00e8ne les b\u00e2timents du ch\u00e2teau pour la premi\u00e8re fois en 1952 par un spectacle son et lumi\u00e8re. Un autre projet important des d\u00e9buts de cette nouvelle forme d&rsquo;art a \u00e9t\u00e9 la mise en sc\u00e8ne des pyramides de Gizeh au d\u00e9but des ann\u00e9es 1960. En 1962, la premi\u00e8re manifestation de ce type a eu lieu aux \u00c9tats-Unis, sur la fa\u00e7ade de l&rsquo;Independence Hall \u00e0 Philadelphie, puis en 1965 en Inde, au Fort Rouge \u00e0 Delhi. Mais d&rsquo;autres pays ont aussi d\u00e9velopp\u00e9 leurs propres traditions, comme la Grande-Bretagne et le Canada, le P\u00e9rou et la Colombie.[\/vc_column_text][\/vc_column_inner][vc_column_inner width=\u00a0\u00bb1\/2&Prime;][vc_column_text]Alors que ces projets contenaient initialement des acteurs autrefois, on pr\u00e9f\u00e8re aujourd&rsquo;hui mettre l&rsquo;accent sur les spectacles en utilisant des projecteurs et des syst\u00e8mes de sonorisation \u00e0 haute performance, notamment gr\u00e2ce aux nouveaux moyens techniques et aux consid\u00e9rations de co\u00fbt.<\/p>\n<p>Les spectacles son et lumi\u00e8re s&rsquo;infiltrent dans votre peau, font appel \u00e0 vos sens et deviennent ainsi une forme d&rsquo;art unique. Son et lumi\u00e8re, images et vid\u00e9os, musique et bruits se fondent dans une exp\u00e9rience globale, en partie compl\u00e9t\u00e9e par des feux d&rsquo;artifice et des jeux d&rsquo;eau et par des \u00e9l\u00e9ments interactifs sans cesse renouvel\u00e9s.[\/vc_column_text][vc_column_text]Starlight Events (www.starlights.ch) a donn\u00e9 un nouvel essor en Suisse en 2011 avec \u00ab\u00a0<a href=\"http:\/\/www.rendezvousbundesplatz.ch\/fr\" target=\"_blank\" rel=\"noopener\">Rendez-vous Bundesplatz<\/a> \u00bb. L&rsquo;ann\u00e9e suivante, l&rsquo;entreprise a con\u00e7u et r\u00e9alis\u00e9 des projets sur la sc\u00e8ne internationale\u00a0: \u00e0 S\u00e9oul dans la perspective de la participation de la Suisse \u00e0 l&rsquo;Exposition universelle de Yeoshu\/Cor\u00e9e du Sud et dans le Port Hercule de Monaco \u00e0 l&rsquo;occasion du retour de Planet Solar, le premier bateau solaire \u00e0 faire le tour du monde.[\/vc_column_text][\/vc_column_inner][\/vc_row_inner]    <\/div>\n<\/div><h2 class=\"clearfix qode-title-holder\">\n<span class=\"qode-tab-title\">\n\t    <span class=\"qode-tab-title-inner\">\n        Pour quels types de projets les jeux de lumi\u00e8re sont-ils appropri\u00e9s ?    <\/span>\n<\/span>\n<span class=\"qode-accordion-mark\">\n    <span class=\"qode-accordion-mark-icon\">\n        <span class=\"icon_plus\"><\/span>\n        <span class=\"icon_minus-06\"><\/span>\n    <\/span>\n<\/span>\n<\/h2>\n<div  class=\"qode-accordion-content \" >\n    <div class=\"qode-accordion-content-inner\">\n        [vc_row_inner row_type=\u00a0\u00bbrow\u00a0\u00bb type=\u00a0\u00bbgrid\u00a0\u00bb text_align=\u00a0\u00bbleft\u00a0\u00bb css_animation=\u00a0\u00bb\u00a0\u00bb][vc_column_inner width=\u00a0\u00bb1\/2&Prime;][vc_column_text]Le spectacle nocturne est pr\u00e9destin\u00e9 \u00e0 la pr\u00e9sentation de b\u00e2timents historiques, de demeures seigneuriales, mais aussi d&rsquo;architecture moderne et elle est rapidement devenue tr\u00e8s populaire, notamment en France. Aujourd&rsquo;hui, les pr\u00e9sentations de son et lumi\u00e8re ont lieu r\u00e9guli\u00e8rement dans plus d&rsquo;une cinquantaine de lieux, des Baux \u00e0 Nancy ou d&rsquo;Avignon \u00e0 Strasbourg.[\/vc_column_text][\/vc_column_inner][vc_column_inner width=\u00a0\u00bb1\/2&Prime;][vc_column_text]La capitale du Son et Lumi\u00e8re se trouve toujours en France\u00a0: Lyon organise d\u00e9but d\u00e9cembre \u00e0 la \u00ab\u00a0<a href=\"http:\/\/www.lyon-visite.info\" target=\"_blank\" rel=\"noopener\">F\u00eate des lumi\u00e8res<\/a>\u00a0\u00bb, qui dure quatre jours. La F\u00eate des lumi\u00e8res de Lyon attire actuellement presque un million de spectateurs par jour.[\/vc_column_text][\/vc_column_inner][\/vc_row_inner]    <\/div>\n<\/div><h2 class=\"clearfix qode-title-holder\">\n<span class=\"qode-tab-title\">\n\t    <span class=\"qode-tab-title-inner\">\n        Combien co\u00fbte l&#039;\u00e9clairage d&#039;un b\u00e2timent ?    <\/span>\n<\/span>\n<span class=\"qode-accordion-mark\">\n    <span class=\"qode-accordion-mark-icon\">\n        <span class=\"icon_plus\"><\/span>\n        <span class=\"icon_minus-06\"><\/span>\n    <\/span>\n<\/span>\n<\/h2>\n<div  class=\"qode-accordion-content \" >\n    <div class=\"qode-accordion-content-inner\">\n        [vc_row_inner row_type=\u00a0\u00bbrow\u00a0\u00bb type=\u00a0\u00bbgrid\u00a0\u00bb text_align=\u00a0\u00bbleft\u00a0\u00bb css_animation=\u00a0\u00bb\u00a0\u00bb][vc_column_inner width=\u00a0\u00bb1\/3&Prime;][\/vc_column_inner][vc_column_inner width=\u00a0\u00bb1\/3&Prime;][vc_column_text]Cela d\u00e9pend de nombreux facteurs. Le b\u00e2timent lui-m\u00eame, sa structure, le type de fa\u00e7ade, le style et le type de pr\u00e9sentation, la technologie requise et, bien s\u00fbr, la dur\u00e9e du spectacle. Une minute co\u00fbte entre 5\u00a0000 et 10\u00a0000 francs.[\/vc_column_text][\/vc_column_inner][vc_column_inner width=\u00a0\u00bb1\/3&Prime;][\/vc_column_inner][\/vc_row_inner]    <\/div>\n<\/div><\/div>[vc_row_inner row_type=\u00a0\u00bbrow\u00a0\u00bb type=\u00a0\u00bbfull_width\u00a0\u00bb text_align=\u00a0\u00bbleft\u00a0\u00bb css_animation=\u00a0\u00bb\u00a0\u00bb][vc_column_inner][vc_empty_space height=\u00a0\u00bb128px\u00a0\u00bb][\/vc_column_inner][\/vc_row_inner][\/vc_column][\/vc_row]<\/p>\n<\/div>","protected":false},"excerpt":{"rendered":"<p>[vc_row row_type=\u00a0\u00bbparallax\u00a0\u00bb parallax_content_width=\u00a0\u00bbin_grid\u00a0\u00bb text_align=\u00a0\u00bbleft\u00a0\u00bb background_image=\u00a0\u00bb25627&Prime; full_screen_section_height=\u00a0\u00bbno\u00a0\u00bb][vc_column][vc_empty_space height=\u00a0\u00bb128px\u00a0\u00bb][vc_column_text] FAQ \u2013 Foire aux questions [\/vc_column_text][vc_empty_space height=\u00a0\u00bb128px\u00a0\u00bb][\/vc_column][\/vc_row][vc_row css_animation=\u00a0\u00bb\u00a0\u00bb row_type=\u00a0\u00bbrow\u00a0\u00bb use_row_as_full_screen_section=\u00a0\u00bbno\u00a0\u00bb type=\u00a0\u00bbfull_width\u00a0\u00bb angled_section=\u00a0\u00bbno\u00a0\u00bb text_align=\u00a0\u00bbcenter\u00a0\u00bb background_image_as_pattern=\u00a0\u00bbwithout_pattern\u00a0\u00bb background_color=\u00a0\u00bb#00082d\u00a0\u00bb z_index=\u00a0\u00bb\u00a0\u00bb][vc_column][vc_empty_space height=\u00a0\u00bb128px\u00a0\u00bb][vc_row_inner row_type=\u00a0\u00bbrow\u00a0\u00bb type=\u00a0\u00bbfull_width\u00a0\u00bb text_align=\u00a0\u00bbleft\u00a0\u00bb css_animation=\u00a0\u00bb\u00a0\u00bb][vc_column_inner][vc_empty_space height=\u00a0\u00bb128px\u00a0\u00bb][\/vc_column_inner][\/vc_row_inner][\/vc_column][\/vc_row]<\/p>\n","protected":false},"author":5,"featured_media":0,"parent":0,"menu_order":0,"comment_status":"closed","ping_status":"closed","template":"full_width.php","meta":{"footnotes":""},"class_list":["post-25704","page","type-page","status-publish","hentry"],"yoast_head":"<!-- This site is optimized with the Yoast SEO plugin v27.0 - https:\/\/yoast.com\/product\/yoast-seo-wordpress\/ -->\n<title>FAQ - Starlight Events GmbH<\/title>\n<meta name=\"robots\" content=\"index, follow, max-snippet:-1, max-image-preview:large, max-video-preview:-1\" \/>\n<link rel=\"canonical\" href=\"https:\/\/www.starlightevents.ch\/fr\/faq\/\" \/>\n<meta property=\"og:locale\" content=\"fr_FR\" \/>\n<meta property=\"og:type\" content=\"article\" \/>\n<meta property=\"og:title\" content=\"FAQ - Starlight Events GmbH\" \/>\n<meta property=\"og:description\" content=\"[vc_row row_type=\u00a0\u00bbparallax\u00a0\u00bb parallax_content_width=\u00a0\u00bbin_grid\u00a0\u00bb text_align=\u00a0\u00bbleft\u00a0\u00bb background_image=\u00a0\u00bb25627&Prime; full_screen_section_height=\u00a0\u00bbno\u00a0\u00bb][vc_column][vc_empty_space height=\u00a0\u00bb128px\u00a0\u00bb][vc_column_text] FAQ \u2013 Foire aux questions [\/vc_column_text][vc_empty_space height=\u00a0\u00bb128px\u00a0\u00bb][\/vc_column][\/vc_row][vc_row css_animation=\u00a0\u00bb\u00a0\u00bb row_type=\u00a0\u00bbrow\u00a0\u00bb use_row_as_full_screen_section=\u00a0\u00bbno\u00a0\u00bb type=\u00a0\u00bbfull_width\u00a0\u00bb angled_section=\u00a0\u00bbno\u00a0\u00bb text_align=\u00a0\u00bbcenter\u00a0\u00bb background_image_as_pattern=\u00a0\u00bbwithout_pattern\u00a0\u00bb background_color=\u00a0\u00bb#00082d\u00a0\u00bb z_index=\u00a0\u00bb\u00a0\u00bb][vc_column][vc_empty_space height=\u00a0\u00bb128px\u00a0\u00bb][vc_row_inner row_type=\u00a0\u00bbrow\u00a0\u00bb type=\u00a0\u00bbfull_width\u00a0\u00bb text_align=\u00a0\u00bbleft\u00a0\u00bb css_animation=\u00a0\u00bb\u00a0\u00bb][vc_column_inner][vc_empty_space height=\u00a0\u00bb128px\u00a0\u00bb][\/vc_column_inner][\/vc_row_inner][\/vc_column][\/vc_row]\" \/>\n<meta property=\"og:url\" content=\"https:\/\/www.starlightevents.ch\/fr\/faq\/\" \/>\n<meta property=\"og:site_name\" content=\"Starlight Events GmbH\" \/>\n<meta property=\"article:modified_time\" content=\"2018-08-08T12:25:09+00:00\" \/>\n<meta name=\"twitter:card\" content=\"summary_large_image\" \/>\n<meta name=\"twitter:label1\" content=\"Dur\u00e9e de lecture estim\u00e9e\" \/>\n\t<meta name=\"twitter:data1\" content=\"4 minutes\" \/>\n<script type=\"application\/ld+json\" class=\"yoast-schema-graph\">{\"@context\":\"https:\/\/schema.org\",\"@graph\":[{\"@type\":\"WebPage\",\"@id\":\"https:\/\/www.starlightevents.ch\/fr\/faq\/\",\"url\":\"https:\/\/www.starlightevents.ch\/fr\/faq\/\",\"name\":\"FAQ - Starlight Events GmbH\",\"isPartOf\":{\"@id\":\"https:\/\/www.starlightevents.ch\/#website\"},\"datePublished\":\"2018-04-27T16:33:43+00:00\",\"dateModified\":\"2018-08-08T12:25:09+00:00\",\"breadcrumb\":{\"@id\":\"https:\/\/www.starlightevents.ch\/fr\/faq\/#breadcrumb\"},\"inLanguage\":\"fr-FR\",\"potentialAction\":[{\"@type\":\"ReadAction\",\"target\":[\"https:\/\/www.starlightevents.ch\/fr\/faq\/\"]}]},{\"@type\":\"BreadcrumbList\",\"@id\":\"https:\/\/www.starlightevents.ch\/fr\/faq\/#breadcrumb\",\"itemListElement\":[{\"@type\":\"ListItem\",\"position\":1,\"name\":\"Startseite\",\"item\":\"https:\/\/www.starlightevents.ch\/fr\/\"},{\"@type\":\"ListItem\",\"position\":2,\"name\":\"FAQ\"}]},{\"@type\":\"WebSite\",\"@id\":\"https:\/\/www.starlightevents.ch\/#website\",\"url\":\"https:\/\/www.starlightevents.ch\/\",\"name\":\"Starlight Events GmbH\",\"description\":\"Realisation von Licht- und Tonspektakel\",\"potentialAction\":[{\"@type\":\"SearchAction\",\"target\":{\"@type\":\"EntryPoint\",\"urlTemplate\":\"https:\/\/www.starlightevents.ch\/?s={search_term_string}\"},\"query-input\":{\"@type\":\"PropertyValueSpecification\",\"valueRequired\":true,\"valueName\":\"search_term_string\"}}],\"inLanguage\":\"fr-FR\"}]}<\/script>\n<!-- \/ Yoast SEO plugin. -->","yoast_head_json":{"title":"FAQ - Starlight Events GmbH","robots":{"index":"index","follow":"follow","max-snippet":"max-snippet:-1","max-image-preview":"max-image-preview:large","max-video-preview":"max-video-preview:-1"},"canonical":"https:\/\/www.starlightevents.ch\/fr\/faq\/","og_locale":"fr_FR","og_type":"article","og_title":"FAQ - Starlight Events GmbH","og_description":"[vc_row row_type=\u00a0\u00bbparallax\u00a0\u00bb parallax_content_width=\u00a0\u00bbin_grid\u00a0\u00bb text_align=\u00a0\u00bbleft\u00a0\u00bb background_image=\u00a0\u00bb25627&Prime; full_screen_section_height=\u00a0\u00bbno\u00a0\u00bb][vc_column][vc_empty_space height=\u00a0\u00bb128px\u00a0\u00bb][vc_column_text] FAQ \u2013 Foire aux questions [\/vc_column_text][vc_empty_space height=\u00a0\u00bb128px\u00a0\u00bb][\/vc_column][\/vc_row][vc_row css_animation=\u00a0\u00bb\u00a0\u00bb row_type=\u00a0\u00bbrow\u00a0\u00bb use_row_as_full_screen_section=\u00a0\u00bbno\u00a0\u00bb type=\u00a0\u00bbfull_width\u00a0\u00bb angled_section=\u00a0\u00bbno\u00a0\u00bb text_align=\u00a0\u00bbcenter\u00a0\u00bb background_image_as_pattern=\u00a0\u00bbwithout_pattern\u00a0\u00bb background_color=\u00a0\u00bb#00082d\u00a0\u00bb z_index=\u00a0\u00bb\u00a0\u00bb][vc_column][vc_empty_space height=\u00a0\u00bb128px\u00a0\u00bb][vc_row_inner row_type=\u00a0\u00bbrow\u00a0\u00bb type=\u00a0\u00bbfull_width\u00a0\u00bb text_align=\u00a0\u00bbleft\u00a0\u00bb css_animation=\u00a0\u00bb\u00a0\u00bb][vc_column_inner][vc_empty_space height=\u00a0\u00bb128px\u00a0\u00bb][\/vc_column_inner][\/vc_row_inner][\/vc_column][\/vc_row]","og_url":"https:\/\/www.starlightevents.ch\/fr\/faq\/","og_site_name":"Starlight Events GmbH","article_modified_time":"2018-08-08T12:25:09+00:00","twitter_card":"summary_large_image","twitter_misc":{"Dur\u00e9e de lecture estim\u00e9e":"4 minutes"},"schema":{"@context":"https:\/\/schema.org","@graph":[{"@type":"WebPage","@id":"https:\/\/www.starlightevents.ch\/fr\/faq\/","url":"https:\/\/www.starlightevents.ch\/fr\/faq\/","name":"FAQ - Starlight Events GmbH","isPartOf":{"@id":"https:\/\/www.starlightevents.ch\/#website"},"datePublished":"2018-04-27T16:33:43+00:00","dateModified":"2018-08-08T12:25:09+00:00","breadcrumb":{"@id":"https:\/\/www.starlightevents.ch\/fr\/faq\/#breadcrumb"},"inLanguage":"fr-FR","potentialAction":[{"@type":"ReadAction","target":["https:\/\/www.starlightevents.ch\/fr\/faq\/"]}]},{"@type":"BreadcrumbList","@id":"https:\/\/www.starlightevents.ch\/fr\/faq\/#breadcrumb","itemListElement":[{"@type":"ListItem","position":1,"name":"Startseite","item":"https:\/\/www.starlightevents.ch\/fr\/"},{"@type":"ListItem","position":2,"name":"FAQ"}]},{"@type":"WebSite","@id":"https:\/\/www.starlightevents.ch\/#website","url":"https:\/\/www.starlightevents.ch\/","name":"Starlight Events GmbH","description":"Realisation von Licht- und Tonspektakel","potentialAction":[{"@type":"SearchAction","target":{"@type":"EntryPoint","urlTemplate":"https:\/\/www.starlightevents.ch\/?s={search_term_string}"},"query-input":{"@type":"PropertyValueSpecification","valueRequired":true,"valueName":"search_term_string"}}],"inLanguage":"fr-FR"}]}},"_links":{"self":[{"href":"https:\/\/www.starlightevents.ch\/fr\/wp-json\/wp\/v2\/pages\/25704","targetHints":{"allow":["GET"]}}],"collection":[{"href":"https:\/\/www.starlightevents.ch\/fr\/wp-json\/wp\/v2\/pages"}],"about":[{"href":"https:\/\/www.starlightevents.ch\/fr\/wp-json\/wp\/v2\/types\/page"}],"author":[{"embeddable":true,"href":"https:\/\/www.starlightevents.ch\/fr\/wp-json\/wp\/v2\/users\/5"}],"replies":[{"embeddable":true,"href":"https:\/\/www.starlightevents.ch\/fr\/wp-json\/wp\/v2\/comments?post=25704"}],"version-history":[{"count":0,"href":"https:\/\/www.starlightevents.ch\/fr\/wp-json\/wp\/v2\/pages\/25704\/revisions"}],"wp:attachment":[{"href":"https:\/\/www.starlightevents.ch\/fr\/wp-json\/wp\/v2\/media?parent=25704"}],"curies":[{"name":"wp","href":"https:\/\/api.w.org\/{rel}","templated":true}]}}